{"id":7,"date":"2021-11-18T11:41:05","date_gmt":"2021-11-18T10:41:05","guid":{"rendered":"http:\/\/lesamisdelatour.fr\/?page_id=7"},"modified":"2023-02-01T18:14:43","modified_gmt":"2023-02-01T17:14:43","slug":"accueil","status":"publish","type":"page","link":"https:\/\/lesamisdelatour.fr\/","title":{"rendered":"Accueil"},"content":{"rendered":"\t\t<div data-elementor-type=\"wp-page\" data-elementor-id=\"7\" class=\"elementor elementor-7\" data-elementor-post-type=\"page\">\n\t\t\t\t\t\t<section class=\"elementor-section elementor-top-section elementor-element elementor-element-fb69646 elementor-section-content-top elementor-section-boxed elementor-section-height-default elementor-section-height-default\" data-id=\"fb69646\" data-element_type=\"section\" data-settings=\"{&quot;background_background&quot;:&quot;classic&quot;}\">\n\t\t\t\t\t\t<div class=\"elementor-container elementor-column-gap-default\">\n\t\t\t\t\t<div class=\"elementor-column elementor-col-50 elementor-top-column elementor-element elementor-element-dbef5f7\" data-id=\"dbef5f7\" data-element_type=\"column\">\n\t\t\t<div class=\"elementor-widget-wrap elementor-element-populated\">\n\t\t\t\t\t\t<div class=\"elementor-element elementor-element-d1015f8 elementor-widget elementor-widget-spacer\" data-id=\"d1015f8\" data-element_type=\"widget\" data-widget_type=\"spacer.default\">\n\t\t\t\t<div class=\"elementor-widget-container\">\n\t\t\t<style>\/*! elementor - v3.19.0 - 05-02-2024 *\/\n.elementor-column .elementor-spacer-inner{height:var(--spacer-size)}.e-con{--container-widget-width:100%}.e-con-inner>.elementor-widget-spacer,.e-con>.elementor-widget-spacer{width:var(--container-widget-width,var(--spacer-size));--align-self:var(--container-widget-align-self,initial);--flex-shrink:0}.e-con-inner>.elementor-widget-spacer>.elementor-widget-container,.e-con>.elementor-widget-spacer>.elementor-widget-container{height:100%;width:100%}.e-con-inner>.elementor-widget-spacer>.elementor-widget-container>.elementor-spacer,.e-con>.elementor-widget-spacer>.elementor-widget-container>.elementor-spacer{height:100%}.e-con-inner>.elementor-widget-spacer>.elementor-widget-container>.elementor-spacer>.elementor-spacer-inner,.e-con>.elementor-widget-spacer>.elementor-widget-container>.elementor-spacer>.elementor-spacer-inner{height:var(--container-widget-height,var(--spacer-size))}.e-con-inner>.elementor-widget-spacer.elementor-widget-empty,.e-con>.elementor-widget-spacer.elementor-widget-empty{position:relative;min-height:22px;min-width:22px}.e-con-inner>.elementor-widget-spacer.elementor-widget-empty .elementor-widget-empty-icon,.e-con>.elementor-widget-spacer.elementor-widget-empty .elementor-widget-empty-icon{position:absolute;top:0;bottom:0;left:0;right:0;margin:auto;padding:0;width:22px;height:22px}<\/style>\t\t<div class=\"elementor-spacer\">\n\t\t\t<div class=\"elementor-spacer-inner\"><\/div>\n\t\t<\/div>\n\t\t\t\t<\/div>\n\t\t\t\t<\/div>\n\t\t\t\t<div class=\"elementor-element elementor-element-ef185bf elementor-widget elementor-widget-image\" data-id=\"ef185bf\" data-element_type=\"widget\" data-widget_type=\"image.default\">\n\t\t\t\t<div class=\"elementor-widget-container\">\n\t\t\t<style>\/*! elementor - v3.19.0 - 05-02-2024 *\/\n.elementor-widget-image{text-align:center}.elementor-widget-image a{display:inline-block}.elementor-widget-image a img[src$=\".svg\"]{width:48px}.elementor-widget-image img{vertical-align:middle;display:inline-block}<\/style>\t\t\t\t\t\t\t\t\t\t<img fetchpriority=\"high\" decoding=\"async\" width=\"580\" height=\"358\" src=\"https:\/\/lesamisdelatour.fr\/wp-content\/uploads\/2021\/12\/logoblancgrand-1024x632.png\" class=\"attachment-large size-large wp-image-100\" alt=\"\" srcset=\"https:\/\/lesamisdelatour.fr\/wp-content\/uploads\/2021\/12\/logoblancgrand-1024x632.png 1024w, https:\/\/lesamisdelatour.fr\/wp-content\/uploads\/2021\/12\/logoblancgrand-300x185.png 300w, https:\/\/lesamisdelatour.fr\/wp-content\/uploads\/2021\/12\/logoblancgrand-768x474.png 768w, https:\/\/lesamisdelatour.fr\/wp-content\/uploads\/2021\/12\/logoblancgrand-1200x741.png 1200w, https:\/\/lesamisdelatour.fr\/wp-content\/uploads\/2021\/12\/logoblancgrand.png 1293w\" sizes=\"(max-width: 580px) 100vw, 580px\" \/>\t\t\t\t\t\t\t\t\t\t\t\t\t<\/div>\n\t\t\t\t<\/div>\n\t\t\t\t<div class=\"elementor-element elementor-element-d7ccddc elementor-widget elementor-widget-spacer\" data-id=\"d7ccddc\" data-element_type=\"widget\" data-widget_type=\"spacer.default\">\n\t\t\t\t<div class=\"elementor-widget-container\">\n\t\t\t\t\t<div class=\"elementor-spacer\">\n\t\t\t<div class=\"elementor-spacer-inner\"><\/div>\n\t\t<\/div>\n\t\t\t\t<\/div>\n\t\t\t\t<\/div>\n\t\t\t\t\t<\/div>\n\t\t<\/div>\n\t\t\t\t<div class=\"elementor-column elementor-col-50 elementor-top-column elementor-element elementor-element-e8bb731 elementor-hidden-mobile\" data-id=\"e8bb731\" data-element_type=\"column\">\n\t\t\t<div class=\"elementor-widget-wrap\">\n\t\t\t\t\t\t\t<\/div>\n\t\t<\/div>\n\t\t\t\t\t<\/div>\n\t\t<\/section>\n\t\t\t\t<section class=\"elementor-section elementor-top-section elementor-element elementor-element-abdd3b6 elementor-hidden-desktop elementor-hidden-tablet elementor-hidden-mobile elementor-section-boxed elementor-section-height-default elementor-section-height-default\" data-id=\"abdd3b6\" data-element_type=\"section\" data-settings=\"{&quot;background_background&quot;:&quot;classic&quot;}\">\n\t\t\t\t\t\t<div class=\"elementor-container elementor-column-gap-default\">\n\t\t\t\t\t<div class=\"elementor-column elementor-col-50 elementor-top-column elementor-element elementor-element-08d23a2\" data-id=\"08d23a2\" data-element_type=\"column\" data-settings=\"{&quot;background_background&quot;:&quot;classic&quot;}\">\n\t\t\t<div class=\"elementor-widget-wrap elementor-element-populated\">\n\t\t\t\t\t<div class=\"elementor-background-overlay\"><\/div>\n\t\t\t\t\t\t<div class=\"elementor-element elementor-element-a6cbdaf elementor-widget elementor-widget-text-editor\" data-id=\"a6cbdaf\" data-element_type=\"widget\" data-widget_type=\"text-editor.default\">\n\t\t\t\t<div class=\"elementor-widget-container\">\n\t\t\t<style>\/*! elementor - v3.19.0 - 05-02-2024 *\/\n.elementor-widget-text-editor.elementor-drop-cap-view-stacked .elementor-drop-cap{background-color:#69727d;color:#fff}.elementor-widget-text-editor.elementor-drop-cap-view-framed .elementor-drop-cap{color:#69727d;border:3px solid;background-color:transparent}.elementor-widget-text-editor:not(.elementor-drop-cap-view-default) .elementor-drop-cap{margin-top:8px}.elementor-widget-text-editor:not(.elementor-drop-cap-view-default) .elementor-drop-cap-letter{width:1em;height:1em}.elementor-widget-text-editor .elementor-drop-cap{float:left;text-align:center;line-height:1;font-size:50px}.elementor-widget-text-editor .elementor-drop-cap-letter{display:inline-block}<\/style>\t\t\t\t<p>Recevez les nouvelles, les informations de parution de la gazette et toute l&rsquo;actualit\u00e9 des amis de la Tour.<\/p>\t\t\t\t\t\t<\/div>\n\t\t\t\t<\/div>\n\t\t\t\t<div class=\"elementor-element elementor-element-623595e elementor-widget elementor-widget-heading\" data-id=\"623595e\" data-element_type=\"widget\" data-widget_type=\"heading.default\">\n\t\t\t\t<div class=\"elementor-widget-container\">\n\t\t\t<style>\/*! elementor - v3.19.0 - 05-02-2024 *\/\n.elementor-heading-title{padding:0;margin:0;line-height:1}.elementor-widget-heading .elementor-heading-title[class*=elementor-size-]>a{color:inherit;font-size:inherit;line-height:inherit}.elementor-widget-heading .elementor-heading-title.elementor-size-small{font-size:15px}.elementor-widget-heading .elementor-heading-title.elementor-size-medium{font-size:19px}.elementor-widget-heading .elementor-heading-title.elementor-size-large{font-size:29px}.elementor-widget-heading .elementor-heading-title.elementor-size-xl{font-size:39px}.elementor-widget-heading .elementor-heading-title.elementor-size-xxl{font-size:59px}<\/style><h2 class=\"elementor-heading-title elementor-size-default\">Abonnez-vous \u00e0 la Newsletter<\/h2>\t\t<\/div>\n\t\t\t\t<\/div>\n\t\t\t\t\t<\/div>\n\t\t<\/div>\n\t\t\t\t<div class=\"elementor-column elementor-col-50 elementor-top-column elementor-element elementor-element-fbbabd7\" data-id=\"fbbabd7\" data-element_type=\"column\">\n\t\t\t<div class=\"elementor-widget-wrap elementor-element-populated\">\n\t\t\t\t\t\t<div class=\"elementor-element elementor-element-33a5a48 elementor-widget elementor-widget-html\" data-id=\"33a5a48\" data-element_type=\"widget\" data-widget_type=\"html.default\">\n\t\t\t\t<div class=\"elementor-widget-container\">\n\t\t\t<div class=\"tnp tnp-subscription\">\n<form method=\"post\" action=\"https:\/\/lesamisdelatour.fr\/?na=s\">\n\n<input type=\"hidden\" name=\"nlang\" value=\"\"><div class=\"tnp-field tnp-field-firstname\"><label for=\"tnp-1\">Pr\u00e9nom ou nom complet<\/label>\n<input class=\"tnp-name\" type=\"text\" name=\"nn\" id=\"tnp-1\" value=\"\"><\/div>\n<div class=\"tnp-field tnp-field-email\"><label for=\"tnp-2\">Email<\/label>\n<input class=\"tnp-email\" type=\"email\" name=\"ne\" id=\"tnp-2\" value=\"\" required><\/div>\n<div class=\"tnp-field tnp-field-button\"><input class=\"tnp-submit\" type=\"submit\" value=\"S'abonner \u00e0 la newsletter\" >\n<\/div>\n<\/form>\n<\/div>\t\t<\/div>\n\t\t\t\t<\/div>\n\t\t\t\t\t<\/div>\n\t\t<\/div>\n\t\t\t\t\t<\/div>\n\t\t<\/section>\n\t\t\t\t<section class=\"elementor-section elementor-top-section elementor-element elementor-element-46729a2 elementor-section-full_width elementor-section-height-default elementor-section-height-default\" data-id=\"46729a2\" data-element_type=\"section\" data-settings=\"{&quot;background_background&quot;:&quot;classic&quot;}\">\n\t\t\t\t\t\t<div class=\"elementor-container elementor-column-gap-no\">\n\t\t\t\t\t<div class=\"elementor-column elementor-col-100 elementor-top-column elementor-element elementor-element-fd587e6\" data-id=\"fd587e6\" data-element_type=\"column\" data-settings=\"{&quot;background_background&quot;:&quot;classic&quot;}\">\n\t\t\t<div class=\"elementor-widget-wrap elementor-element-populated\">\n\t\t\t\t\t\t<div class=\"elementor-element elementor-element-a4d7fd9 elementor-widget elementor-widget-heading\" data-id=\"a4d7fd9\" data-element_type=\"widget\" data-widget_type=\"heading.default\">\n\t\t\t\t<div class=\"elementor-widget-container\">\n\t\t\t<h2 class=\"elementor-heading-title elementor-size-default\">Actualit\u00e9s!<\/h2>\t\t<\/div>\n\t\t\t\t<\/div>\n\t\t\t\t\t<\/div>\n\t\t<\/div>\n\t\t\t\t\t<\/div>\n\t\t<\/section>\n\t\t\t\t<section class=\"elementor-section elementor-top-section elementor-element elementor-element-e89ace2 elementor-section-boxed elementor-section-height-default elementor-section-height-default\" data-id=\"e89ace2\" data-element_type=\"section\">\n\t\t\t\t\t\t<div class=\"elementor-container elementor-column-gap-default\">\n\t\t\t\t\t<div class=\"elementor-column elementor-col-100 elementor-top-column elementor-element elementor-element-ddac20b\" data-id=\"ddac20b\" data-element_type=\"column\">\n\t\t\t<div class=\"elementor-widget-wrap\">\n\t\t\t\t\t\t\t<\/div>\n\t\t<\/div>\n\t\t\t\t\t<\/div>\n\t\t<\/section>\n\t\t\t\t<section class=\"elementor-section elementor-top-section elementor-element elementor-element-21a9e3b elementor-section-boxed elementor-section-height-default elementor-section-height-default\" data-id=\"21a9e3b\" data-element_type=\"section\">\n\t\t\t\t\t\t<div class=\"elementor-container elementor-column-gap-default\">\n\t\t\t\t\t<div class=\"elementor-column elementor-col-100 elementor-top-column elementor-element elementor-element-105fa98\" data-id=\"105fa98\" data-element_type=\"column\">\n\t\t\t<div class=\"elementor-widget-wrap elementor-element-populated\">\n\t\t\t\t\t\t<div class=\"elementor-element elementor-element-d11c0ea elementor-grid-3 elementor-grid-tablet-2 elementor-grid-mobile-1 elementor-posts--thumbnail-top elementor-widget elementor-widget-posts\" data-id=\"d11c0ea\" data-element_type=\"widget\" data-settings=\"{&quot;classic_columns&quot;:&quot;3&quot;,&quot;classic_columns_tablet&quot;:&quot;2&quot;,&quot;classic_columns_mobile&quot;:&quot;1&quot;,&quot;classic_row_gap&quot;:{&quot;unit&quot;:&quot;px&quot;,&quot;size&quot;:35,&quot;sizes&quot;:[]},&quot;classic_row_gap_tablet&quot;:{&quot;unit&quot;:&quot;px&quot;,&quot;size&quot;:&quot;&quot;,&quot;sizes&quot;:[]},&quot;classic_row_gap_mobile&quot;:{&quot;unit&quot;:&quot;px&quot;,&quot;size&quot;:&quot;&quot;,&quot;sizes&quot;:[]}}\" data-widget_type=\"posts.classic\">\n\t\t\t\t<div class=\"elementor-widget-container\">\n\t\t\t<link rel=\"stylesheet\" href=\"https:\/\/lesamisdelatour.fr\/wp-content\/plugins\/elementor-pro\/assets\/css\/widget-posts.min.css\">\t\t<div class=\"elementor-posts-container elementor-posts elementor-posts--skin-classic elementor-grid\">\n\t\t\t\t<article class=\"elementor-post elementor-grid-item post-1109 post type-post status-publish format-standard has-post-thumbnail hentry category-articles\">\n\t\t\t\t<a class=\"elementor-post__thumbnail__link\" href=\"https:\/\/lesamisdelatour.fr\/index.php\/2025\/01\/23\/la-gazette-de-la-tour-n28-est-sortie\/\" tabindex=\"-1\" >\n\t\t\t<div class=\"elementor-post__thumbnail\"><img decoding=\"async\" width=\"300\" height=\"200\" src=\"https:\/\/lesamisdelatour.fr\/wp-content\/uploads\/2022\/01\/old-newspaper-gc5bfa67ec_1920-300x200.jpg\" class=\"attachment-medium size-medium wp-image-402\" alt=\"\" srcset=\"https:\/\/lesamisdelatour.fr\/wp-content\/uploads\/2022\/01\/old-newspaper-gc5bfa67ec_1920-300x200.jpg 300w, https:\/\/lesamisdelatour.fr\/wp-content\/uploads\/2022\/01\/old-newspaper-gc5bfa67ec_1920-1024x683.jpg 1024w, https:\/\/lesamisdelatour.fr\/wp-content\/uploads\/2022\/01\/old-newspaper-gc5bfa67ec_1920-768x512.jpg 768w, https:\/\/lesamisdelatour.fr\/wp-content\/uploads\/2022\/01\/old-newspaper-gc5bfa67ec_1920-1536x1024.jpg 1536w, https:\/\/lesamisdelatour.fr\/wp-content\/uploads\/2022\/01\/old-newspaper-gc5bfa67ec_1920-1200x800.jpg 1200w, https:\/\/lesamisdelatour.fr\/wp-content\/uploads\/2022\/01\/old-newspaper-gc5bfa67ec_1920.jpg 1920w\" sizes=\"(max-width: 300px) 100vw, 300px\" \/><\/div>\n\t\t<\/a>\n\t\t\t\t<div class=\"elementor-post__text\">\n\t\t\t\t<h3 class=\"elementor-post__title\">\n\t\t\t<a href=\"https:\/\/lesamisdelatour.fr\/index.php\/2025\/01\/23\/la-gazette-de-la-tour-n28-est-sortie\/\" >\n\t\t\t\tLa Gazette de la Tour N\u00b028 est sortie !\t\t\t<\/a>\n\t\t<\/h3>\n\t\t\t\t<div class=\"elementor-post__meta-data\">\n\t\t\t\t\t<span class=\"elementor-post-date\">\n\t\t\t23 janvier 2025\t\t<\/span>\n\t\t\t\t<span class=\"elementor-post-avatar\">\n\t\t\tAucun commentaire\t\t<\/span>\n\t\t\t\t<\/div>\n\t\t\t\t<div class=\"elementor-post__excerpt\">\n\t\t\t\t\t<\/div>\n\t\t\n\t\t<a class=\"elementor-post__read-more\" href=\"https:\/\/lesamisdelatour.fr\/index.php\/2025\/01\/23\/la-gazette-de-la-tour-n28-est-sortie\/\" aria-label=\"En savoir plus sur La Gazette de la Tour N\u00b028 est sortie !\" tabindex=\"-1\" >\n\t\t\tLire la suite \u00bb\t\t<\/a>\n\n\t\t\t\t<\/div>\n\t\t\t\t<\/article>\n\t\t\t\t<\/div>\n\t\t\n\t\t\t\t<\/div>\n\t\t\t\t<\/div>\n\t\t\t\t<div class=\"elementor-element elementor-element-4653e24 elementor-widget elementor-widget-prime-slider-blog\" data-id=\"4653e24\" data-element_type=\"widget\" data-widget_type=\"prime-slider-blog.zinest\">\n\t\t\t\t<div class=\"elementor-widget-container\">\n\t\t\t        <div class=\"bdt-prime-slider\">\n            <div class=\"bdt-prime-slider-skin-zinest\">\n                <div class=\"bdt-position-relative bdt-visible-toggle\" data-settings=\"{&quot;id&quot;:&quot;#bdt-4653e24&quot;,&quot;animation_status&quot;:&quot;no&quot;}\" id=\"bdt-4653e24\" bdt-slideshow=\"{&quot;animation&quot;:&quot;fade&quot;,&quot;ratio&quot;:&quot;16:9&quot;,&quot;min-height&quot;:&quot;440&quot;,&quot;autoplay&quot;:true,&quot;autoplay-interval&quot;:7000,&quot;pause-on-hover&quot;:false,&quot;velocity&quot;:1,&quot;finite&quot;:false}\">\n                    <ul class=\"bdt-slideshow-items\">\n        \n            <li class=\"bdt-slideshow-item bdt-flex bdt-flex-middle elementor-repeater-item-1109\">\n\n                \n                    <div class=\"bdt-ps-slide-img\" style=\"background-image: url('https:\/\/lesamisdelatour.fr\/wp-content\/uploads\/2022\/01\/old-newspaper-gc5bfa67ec_1920.jpg')\"><\/div>\n\n                    \n                                    <div class=\"bdt-overlay-default bdt-position-cover\"><\/div>\n                \n                \n        <div class=\"bdt-container\">\n            <div class=\"bdt-prime-slider-wrapper\">\n                <div class=\"bdt-prime-slider-content\">\n                    <div class=\"bdt-prime-slider-desc\">\n\n                        \n                                                    <div class=\"bdt-main-title\" data-reveal=\"reveal-active\">\n                                <h1 class=\"bdt-title-tag\" data-bdt-slideshow-parallax=\"y: 80,0,-80; opacity: 1,1,0\">\n\n                                    <a href=\"https:\/\/lesamisdelatour.fr\/index.php\/2025\/01\/23\/la-gazette-de-la-tour-n28-est-sortie\/\">\n                                        <span class=\"frist-word\">La<\/span> Gazette de la Tour N\u00b028 est sortie !                                    <\/a>\n\n                                <\/h1>\n                            <\/div>\n                        \n                                                                        <div class=\"bdt-ps-meta\" data-reveal=\"reveal-active\">\n                <div class=\"bdt-child-width-1-1 bdt-child-width-1-3@s bdt-grid-collapse\" bdt-grid>\n                    \n                    \n                    \n                <\/div>\n            <\/div>\n                                        \n                    <\/div>\n                <\/div>\n            <\/div>\n        <\/div>\n\n        \n                \n            <\/li>\n\n\n\n        <\/ul>\n\n        \n                    <div class=\"bdt-navigation-arrows bdt-position-bottom-right reveal-muted\">\n                <a class=\"bdt-prime-slider-previous\" href=\"#\" bdt-slidenav-previous bdt-slideshow-item=\"previous\"><\/a>\n                <a class=\"bdt-prime-slider-next\" href=\"#\" bdt-slidenav-next bdt-slideshow-item=\"next\"><\/a>\n            <\/div>\n        \n    \n        <\/div>\n\n                <div class=\"bdt-social-icon reveal-muted\">\n\n\t\t\t\n            \n                <a href=\"http:\/\/www.facebook.com\/bdthemes\/\" target=\"_blank\"  title=\"Facebook\" bdt-tooltip=\"pos: left\">\n                    <span><span><i aria-hidden=\"true\" class=\"fa-fw fab fa-facebook-f\"><\/i><\/span><\/span>\n                <\/a>\n            \n                <a href=\"http:\/\/www.twitter.com\/bdthemes\/\" target=\"_blank\"  title=\"Twitter\" bdt-tooltip=\"pos: left\">\n                    <span><span><i aria-hidden=\"true\" class=\"fa-fw fab fa-twitter\"><\/i><\/span><\/span>\n                <\/a>\n            \n                <a href=\"http:\/\/www.instagram.com\/bdthemes\/\" target=\"_blank\"  title=\"Instagram\" bdt-tooltip=\"pos: left\">\n                    <span><span><i aria-hidden=\"true\" class=\"fa-fw fab fa-instagram\"><\/i><\/span><\/span>\n                <\/a>\n                    <\/div>\n        \n        \n        <\/div>\n    \t\t<\/div>\n\t\t\t\t<\/div>\n\t\t\t\t\t<\/div>\n\t\t<\/div>\n\t\t\t\t\t<\/div>\n\t\t<\/section>\n\t\t\t\t<\/div>\n\t\t","protected":false},"excerpt":{"rendered":"<p>Recevez les nouvelles, les informations de parution de la gazette et toute l&rsquo;actualit\u00e9 des amis de la Tour. Abonnez-vous \u00e0 la Newsletter Pr\u00e9nom ou nom complet Email Actualit\u00e9s! Jour de Nuit 2023 La Gazette de la Tour N\u00b026 est sortie !<\/p>\n","protected":false},"author":1,"featured_media":0,"parent":0,"menu_order":0,"comment_status":"closed","ping_status":"closed","template":"elementor_header_footer","meta":{"footnotes":""},"_links":{"self":[{"href":"https:\/\/lesamisdelatour.fr\/index.php\/wp-json\/wp\/v2\/pages\/7"}],"collection":[{"href":"https:\/\/lesamisdelatour.fr\/index.php\/wp-json\/wp\/v2\/pages"}],"about":[{"href":"https:\/\/lesamisdelatour.fr\/index.php\/wp-json\/wp\/v2\/types\/page"}],"author":[{"embeddable":true,"href":"https:\/\/lesamisdelatour.fr\/index.php\/wp-json\/wp\/v2\/users\/1"}],"replies":[{"embeddable":true,"href":"https:\/\/lesamisdelatour.fr\/index.php\/wp-json\/wp\/v2\/comments?post=7"}],"version-history":[{"count":87,"href":"https:\/\/lesamisdelatour.fr\/index.php\/wp-json\/wp\/v2\/pages\/7\/revisions"}],"predecessor-version":[{"id":1058,"href":"https:\/\/lesamisdelatour.fr\/index.php\/wp-json\/wp\/v2\/pages\/7\/revisions\/1058"}],"wp:attachment":[{"href":"https:\/\/lesamisdelatour.fr\/index.php\/wp-json\/wp\/v2\/media?parent=7"}],"curies":[{"name":"wp","href":"https:\/\/api.w.org\/{rel}","templated":true}]}}